{"id":1482,"date":"2026-04-28T14:18:34","date_gmt":"2026-04-28T14:18:34","guid":{"rendered":"https:\/\/winewines.pt\/wp\/produto\/vendaval-douro-tt-2023\/"},"modified":"2026-04-28T15:04:55","modified_gmt":"2026-04-28T15:04:55","slug":"vendaval-douro-tt-2023","status":"publish","type":"product","link":"https:\/\/winewines.pt\/wp\/produto\/vendaval-douro-tt-2023\/","title":{"rendered":"Vinho Tinto Vendaval 2023"},"content":{"rendered":"<p>O Vinho Tinto Vendaval 2023 \u00e9 um DOC Douro produzido por S\u00f3nia Maria Alves Coelho Ermida. Vinificado em lagar e pisado a p\u00e9, apresenta uma cor rubi fechada e intensa. No aroma, destaca-se por notas de frutos vermelhos maduros, como bagas negras do bosque, integradas com especiarias e um suave tostado da barrica. Em boca, \u00e9 encorpado, com acidez refrescante e taninos apurados, resultando num final persistente e elegante. Harmoniza bem com pratos de carne, assados variados, queijos e enchidos. O teor alco\u00f3lico \u00e9 de 15% e o volume \u00e9 de 750 ml. O pre\u00e7o recomendado \u00e9 de 20\u20ac com IVA inclu\u00eddo.<\/p>\n","protected":false},"excerpt":{"rendered":"<p>Vinho tinto encorpado do Douro, com notas de frutos vermelhos maduros e especiarias.<\/p>\n","protected":false},"featured_media":1481,"comment_status":"open","ping_status":"closed","template":"","meta":{"pagelayer_contact_templates":[],"_pagelayer_content":""},"product_brand":[],"product_cat":[119,78,93],"product_tag":[130,121,84,100,330,134,123,91,331,95],"class_list":{"0":"post-1482","1":"product","2":"type-product","3":"status-publish","4":"has-post-thumbnail","6":"product_cat-douro","7":"product_cat-garrafeira","8":"product_cat-vinho-tinto","9":"product_tag-doc-douro","10":"product_tag-douro","11":"product_tag-portugal","12":"product_tag-rubi","13":"product_tag-sonia-maria-alves-coelho-ermida","14":"product_tag-tinta-roriz","15":"product_tag-touriga-franca","16":"product_tag-touriga-nacional","17":"product_tag-vendaval","18":"product_tag-vinho-tinto","20":"first","21":"instock","22":"shipping-taxable","23":"purchasable","24":"product-type-simple"},"_links":{"self":[{"href":"https:\/\/winewines.pt\/wp\/wp-json\/wp\/v2\/product\/1482","targetHints":{"allow":["GET"]}}],"collection":[{"href":"https:\/\/winewines.pt\/wp\/wp-json\/wp\/v2\/product"}],"about":[{"href":"https:\/\/winewines.pt\/wp\/wp-json\/wp\/v2\/types\/product"}],"replies":[{"embeddable":true,"href":"https:\/\/winewines.pt\/wp\/wp-json\/wp\/v2\/comments?post=1482"}],"wp:featuredmedia":[{"embeddable":true,"href":"https:\/\/winewines.pt\/wp\/wp-json\/wp\/v2\/media\/1481"}],"wp:attachment":[{"href":"https:\/\/winewines.pt\/wp\/wp-json\/wp\/v2\/media?parent=1482"}],"wp:term":[{"taxonomy":"product_brand","embeddable":true,"href":"https:\/\/winewines.pt\/wp\/wp-json\/wp\/v2\/product_brand?post=1482"},{"taxonomy":"product_cat","embeddable":true,"href":"https:\/\/winewines.pt\/wp\/wp-json\/wp\/v2\/product_cat?post=1482"},{"taxonomy":"product_tag","embeddable":true,"href":"https:\/\/winewines.pt\/wp\/wp-json\/wp\/v2\/product_tag?post=1482"}],"curies":[{"name":"wp","href":"https:\/\/api.w.org\/{rel}","templated":true}]}}